{"id":16133,"date":"2022-03-30T15:48:59","date_gmt":"2022-03-30T15:48:59","guid":{"rendered":"https:\/\/teatarmladih.me\/?page_id=16133"},"modified":"2022-03-31T20:41:23","modified_gmt":"2022-03-31T20:41:23","slug":"clanovi","status":"publish","type":"page","link":"https:\/\/teatarmladih.me\/?page_id=16133","title":{"rendered":"\u010clanovi"},"content":{"rendered":"<div id=\"cmsmasters_row_82c0by8iv\" class=\"cmsmasters_row cmsmasters_color_scheme_default cmsmasters_row_top_default cmsmasters_row_bot_default cmsmasters_row_boxed\">\n<div class=\"cmsmasters_row_outer_parent\">\n<div class=\"cmsmasters_row_outer\">\n<div class=\"cmsmasters_row_inner\">\n<div class=\"cmsmasters_row_margin\">\n<div id=\"cmsmasters_column_e8jkv4fhb\" class=\"cmsmasters_column one_first\">\n<div class=\"cmsmasters_column_inner\"><div class=\"aligncenter\"><div class=\"cmsmasters_img  cmsmasters_image_c\"><a href=\"https:\/\/teatarmladih.me\/?attachment_id=13372\"><img decoding=\"async\" src=\"https:\/\/teatarmladih.me\/wp-content\/uploads\/2017\/06\/CF1E8F321BA1382D363C2EF011B1B6AAF1979407D0BD15Epimgpsh_fullsize_distr.png\" alt=\"new\" \/><\/a><\/div><\/div>\n<div id=\"cmsmasters_divider_868rmmknew\" class=\"cmsmasters_divider cmsmasters_divider_width_long cmsmasters_divider_pos_center\"><\/div>\n<div id=\"cmsmasters_profile_6a073a5c3ba28\" class=\"cmsmasters_profile horizontal\">\n<!-- Start Profile Horizontal Article -->\r\n<article id=\"post-14845\" class=\"cmsmasters_profile_horizontal one_half post-14845 profile type-profile status-publish has-post-thumbnail hentry pl-categs-clanovi\">\r\n\t<div class=\"profile_outer\">\r\n\t<div class=\"cmsmasters_profile_img_wrap\"><figure class=\"cmsmasters_img_rollover_wrap preloader\"><img loading=\"lazy\" decoding=\"async\" width=\"300\" height=\"300\" src=\"https:\/\/teatarmladih.me\/wp-content\/uploads\/2017\/06\/Branka-Femic-1-300x300.jpg\" class=\"full-width wp-post-image\" alt=\"Branka Femi\u0107 \u0160\u0107eki\u0107\" title=\"Branka Femic 1\" srcset=\"https:\/\/teatarmladih.me\/wp-content\/uploads\/2017\/06\/Branka-Femic-1-300x300.jpg 300w, https:\/\/teatarmladih.me\/wp-content\/uploads\/2017\/06\/Branka-Femic-1-150x150.jpg 150w, https:\/\/teatarmladih.me\/wp-content\/uploads\/2017\/06\/Branka-Femic-1-70x70.jpg 70w, https:\/\/teatarmladih.me\/wp-content\/uploads\/2017\/06\/Branka-Femic-1-360x360.jpg 360w, https:\/\/teatarmladih.me\/wp-content\/uploads\/2017\/06\/Branka-Femic-1-580x580.jpg 580w\" sizes=\"auto, (max-width: 300px) 100vw, 300px\" \/><div class=\"cmsmasters_img_rollover\"><a href=\"https:\/\/teatarmladih.me\/?profile=branka-femic-scekic\" title=\"Branka Femi\u0107 \u0160\u0107eki\u0107\" class=\"cmsmasters_open_post_link cmsmasters_theme_icon_post_link\"><\/a><\/div><\/figure><\/div><div class=\"profile_inner\"><header class=\"cmsmasters_profile_header entry-header\"><h4 class=\"cmsmasters_profile_title entry-title\"><a href=\"https:\/\/teatarmladih.me\/?profile=branka-femic-scekic\">Branka Femi\u0107 \u0160\u0107eki\u0107<\/a><\/h4><h6 class=\"cmsmasters_profile_subtitle\">Glumica<\/h6><\/header><div class=\"cmsmasters_profile_content entry-content\">\n<p>Diplomirala na Fakultetu dramskih umjetnosti na Cetinju, odsjek - gluma, u klasi profesora Bora Stjepanovi\u0107a.<br \/>\nMagistrirala je na temu: ,,Transformacija u umjetnosti glume: transformacija glumca u lik i transformacija lika\"<br \/>\nStalni \u010dlan ansambla Gradskog pozori\u0161ta od 2010. godine, \u010dlan Teatar mladih od 2007. godine.<\/p>\n<\/div>\n<\/div>\t<\/div>\r\n<\/article>\r\n<!-- Finish Profile Horizontal Article -->\r\n\r\n<!-- Start Profile Horizontal Article -->\r\n<article id=\"post-15953\" class=\"cmsmasters_profile_horizontal one_half post-15953 profile type-profile status-publish has-post-thumbnail hentry pl-categs-clanovi\">\r\n\t<div class=\"profile_outer\">\r\n\t<div class=\"cmsmasters_profile_img_wrap\"><figure class=\"cmsmasters_img_rollover_wrap preloader\"><img loading=\"lazy\" decoding=\"async\" width=\"300\" height=\"300\" src=\"https:\/\/teatarmladih.me\/wp-content\/uploads\/2022\/02\/Kaca-300x300.jpeg\" class=\"full-width wp-post-image\" alt=\"Katarina Krek\" title=\"Kaca\" srcset=\"https:\/\/teatarmladih.me\/wp-content\/uploads\/2022\/02\/Kaca-300x300.jpeg 300w, https:\/\/teatarmladih.me\/wp-content\/uploads\/2022\/02\/Kaca-150x150.jpeg 150w, https:\/\/teatarmladih.me\/wp-content\/uploads\/2022\/02\/Kaca-70x70.jpeg 70w, https:\/\/teatarmladih.me\/wp-content\/uploads\/2022\/02\/Kaca-360x360.jpeg 360w\" sizes=\"auto, (max-width: 300px) 100vw, 300px\" \/><div class=\"cmsmasters_img_rollover\"><a href=\"https:\/\/teatarmladih.me\/?profile=katarina-krek\" title=\"Katarina Krek\" class=\"cmsmasters_open_post_link cmsmasters_theme_icon_post_link\"><\/a><\/div><\/figure><\/div><div class=\"profile_inner\"><header class=\"cmsmasters_profile_header entry-header\"><h4 class=\"cmsmasters_profile_title entry-title\"><a href=\"https:\/\/teatarmladih.me\/?profile=katarina-krek\">Katarina Krek<\/a><\/h4><h6 class=\"cmsmasters_profile_subtitle\">Predsjednica &amp; glumica<\/h6><\/header><div class=\"cmsmasters_profile_content entry-content\">\n<p>Zavr\u0161ila osnovne i specijalisti\u010dke studije na\u00a0Fakultetu dramskih umjetnosti Cetinje, odsjek - gluma, u klasi profesora Bora Stjepanovi\u0107a.<\/p>\n<p>Magistrirala\u00a0na\u00a0Fakultetu dramskih umjetnosti Cetinje, odsjek - gluma, na temu ,,Psihotehni\u010dki proces nastajanja govorne radnje u procesu razmjene\".<\/p>\n<p>Stalni \u010dlan ansambla Gradskog pozori\u0161ta od 2010. godine, \u010dlan Teatar mladih od 2007. godine.<\/p>\n<\/div>\n<\/div>\t<\/div>\r\n<\/article>\r\n<!-- Finish Profile Horizontal Article -->\r\n\r\n<!-- Start Profile Horizontal Article -->\r\n<article id=\"post-16505\" class=\"cmsmasters_profile_horizontal one_half post-16505 profile type-profile status-publish has-post-thumbnail hentry pl-categs-clanovi\">\r\n\t<div class=\"profile_outer\">\r\n\t<div class=\"cmsmasters_profile_img_wrap\"><figure class=\"cmsmasters_img_rollover_wrap preloader\"><img loading=\"lazy\" decoding=\"async\" width=\"300\" height=\"300\" src=\"https:\/\/teatarmladih.me\/wp-content\/uploads\/2017\/06\/Branko-foto-300x300.png\" class=\"full-width wp-post-image\" alt=\"Branko Ili\u0107\" title=\"Branko foto\" srcset=\"https:\/\/teatarmladih.me\/wp-content\/uploads\/2017\/06\/Branko-foto-300x300.png 300w, https:\/\/teatarmladih.me\/wp-content\/uploads\/2017\/06\/Branko-foto-150x150.png 150w, https:\/\/teatarmladih.me\/wp-content\/uploads\/2017\/06\/Branko-foto-70x70.png 70w, https:\/\/teatarmladih.me\/wp-content\/uploads\/2017\/06\/Branko-foto-360x360.png 360w\" sizes=\"auto, (max-width: 300px) 100vw, 300px\" \/><div class=\"cmsmasters_img_rollover\"><a href=\"https:\/\/teatarmladih.me\/?profile=branko-ilic\" title=\"Branko Ili\u0107\" class=\"cmsmasters_open_post_link cmsmasters_theme_icon_post_link\"><\/a><\/div><\/figure><\/div><div class=\"profile_inner\"><header class=\"cmsmasters_profile_header entry-header\"><h4 class=\"cmsmasters_profile_title entry-title\"><a href=\"https:\/\/teatarmladih.me\/?profile=branko-ilic\">Branko Ili\u0107<\/a><\/h4><h6 class=\"cmsmasters_profile_subtitle\">Glumac<\/h6><\/header><div class=\"cmsmasters_profile_content entry-content\">\n<p>Ro\u0111en u Tuzli, Bosna i Hercegovina. Po zavr\u0161enoj osnovnoj \u0161koli gimnaziju upisuje u Baru, u Crnoj Gori, a zatim 1996. g. upisuje FDU na Cetinju u klasi prof. Borislava Stjepanovi\u0107a. Fakultet zavr\u0161ava 2000.g. prosje\u010dnom ocjenom\u00a0 9.<\/p>\n<\/div>\n<\/div>\t<\/div>\r\n<\/article>\r\n<!-- Finish Profile Horizontal Article -->\r\n\r\n<\/div>\n<\/div><\/div>\n<\/div>\n<\/div>\n<\/div>\n<\/div>\n<\/div>\n<div id=\"cmsmasters_row_s6nqwg7s25\" class=\"cmsmasters_row cmsmasters_color_scheme_default cmsmasters_row_top_default cmsmasters_row_bot_default cmsmasters_row_boxed\">\n<div class=\"cmsmasters_row_outer_parent\">\n<div class=\"cmsmasters_row_outer\">\n<div class=\"cmsmasters_row_inner\">\n<div class=\"cmsmasters_row_margin\">\n<div id=\"cmsmasters_column_oyb1hghkhl\" class=\"cmsmasters_column one_first\">\n<div class=\"cmsmasters_column_inner\"><\/div><\/div>\n<\/div>\n<\/div>\n<\/div>\n<\/div>\n<\/div>\n\n","protected":false},"excerpt":{"rendered":"","protected":false},"author":1,"featured_media":0,"parent":0,"menu_order":0,"comment_status":"closed","ping_status":"closed","template":"","meta":{"footnotes":""},"class_list":["post-16133","page","type-page","status-publish","hentry"],"_links":{"self":[{"href":"https:\/\/teatarmladih.me\/index.php?rest_route=\/wp\/v2\/pages\/16133","targetHints":{"allow":["GET"]}}],"collection":[{"href":"https:\/\/teatarmladih.me\/index.php?rest_route=\/wp\/v2\/pages"}],"about":[{"href":"https:\/\/teatarmladih.me\/index.php?rest_route=\/wp\/v2\/types\/page"}],"author":[{"embeddable":true,"href":"https:\/\/teatarmladih.me\/index.php?rest_route=\/wp\/v2\/users\/1"}],"replies":[{"embeddable":true,"href":"https:\/\/teatarmladih.me\/index.php?rest_route=%2Fwp%2Fv2%2Fcomments&post=16133"}],"version-history":[{"count":12,"href":"https:\/\/teatarmladih.me\/index.php?rest_route=\/wp\/v2\/pages\/16133\/revisions"}],"predecessor-version":[{"id":16651,"href":"https:\/\/teatarmladih.me\/index.php?rest_route=\/wp\/v2\/pages\/16133\/revisions\/16651"}],"wp:attachment":[{"href":"https:\/\/teatarmladih.me\/index.php?rest_route=%2Fwp%2Fv2%2Fmedia&parent=16133"}],"curies":[{"name":"wp","href":"https:\/\/api.w.org\/{rel}","templated":true}]}}